{"id":8861,"date":"2021-05-26T17:16:30","date_gmt":"2021-05-26T15:16:30","guid":{"rendered":"https:\/\/www.vva.it\/business-consulting-s-r-l-2\/"},"modified":"2021-05-26T17:16:30","modified_gmt":"2021-05-26T15:16:30","slug":"business-consulting-s-r-l-2","status":"publish","type":"page","link":"https:\/\/www.vva.it\/en\/business-consulting-s-r-l-2\/","title":{"rendered":"BUSINESS CONSULTING s.r.l."},"content":{"rendered":"<p>[vc_row][vc_column][vc_column_text]<\/p>\n<p><strong>VVA BUSINESS CONSULTING S.R.L.<\/strong> utilizza cookies e tecnologie simili per gestire il proprio sito web.<\/p>\n<p>&nbsp;<\/p>\n<p><strong>COSA SONO I COOKIES?<\/strong><\/p>\n<p>&nbsp;<\/p>\n<p>I cookies sono piccoli file di testo che vengono salvati nel tuo computer o nel tuo dispositivo mobile quando visiti un sito web come il nostro. Essi contribuiscono al corretto funzionamento del sito, consentono di misurare e tenere traccia delle attivit\u00e0 all&#39;interno dello stesso e di migliorare la tua esperienza come utente, ad esempio ricordando le tue preferenze di visualizzazione e permettendoti di visitare le parti riservate ai membri senza dover ogni volta ripetere l&#39;autenticazione.<\/p>\n<p>&nbsp;<\/p>\n<p>Esistono diversi tipi di cookies, che possono essere distinti sulle base dell&#39;origine, della funzione o della durata:<\/p>\n<p>&nbsp;<\/p>\n<ol>\n<li><strong>cookies di prima parte<\/strong>: cookies che vengono memorizzati dal sito web che si sta visitando;<\/li>\n<li><strong>cookies di terze parti<\/strong>: cookies memorizzati da un sito web diverso da quello che si sta visitando;<\/li>\n<li><strong>cookies tecnici<\/strong> (per i quali non \u00e8 necessario il consenso): relativi ad attivit\u00e0 strettamente necessarie al funzionamento e all&#39;erogazione del servizio, ad attivit\u00e0 di salvataggio delle preferenze e ottimizzazione del sito, oppure possono essere di statistica, laddove utilizzati dal gestore del sito per raccogliere informazioni in forma aggregata;<\/li>\n<li><strong>cookies di profilazione<\/strong> (per i quali \u00e8 necessario il consenso): cookies che abilitano un sito web a inviarti pubblicit\u00e0 personalizzata e possono essere sia di prima parte che di terze parti;<\/li>\n<li><strong>cookies di sessione<\/strong>: sono cookies temporanei che vengono cancellati una volta chiuso il browser;<\/li>\n<li><strong>cookies permanenti<\/strong>: tali cookies rimangono sul dispositivo fino a quando non vengono eliminati manualmente o finch\u00e9 il browser non li elimina in base al periodo di durata specificato nel file di cookie.<\/li>\n<\/ol>\n<p>&nbsp;<\/p>\n<p><strong>CHE COOKIES UTILIZZIAMO?<\/strong><\/p>\n<p>&nbsp;<\/p>\n<p><strong>VVA BUSINESS CONSULTING S.R.L.<\/strong> utilizza, su questo sito, i seguenti tipi di cookies:<\/p>\n<p>&nbsp;<\/p>\n<ul>\n<li><strong>Cookie tecnici:<\/strong>\n<ol>\n<li><strong>IP tracking<\/strong><\/li>\n<\/ol>\n<\/li>\n<\/ul>\n<p>&nbsp;<\/p>\n<p>\u2192 funzione di selezione lingua automatica in base alla provenienza dell&#39;IP<\/p>\n<p>&nbsp;<\/p>\n<p>\u2192 la vita del cookie sar\u00e0 di 24 ore<\/p>\n<p>&nbsp;<\/p>\n<p>\u2192 gli indirizzi IP non saranno storicizzati<\/p>\n<p>&nbsp;<\/p>\n<ol>\n<li><strong>Cookie Analytics: Google Analytics<\/strong><\/li>\n<\/ol>\n<p>&nbsp;<\/p>\n<p>\u2192 utilizziamo il tracking Google Analytics per monitorare gli accessi al sito e analizzare i segmenti di pubblico<\/p>\n<p>&nbsp;<\/p>\n<p><strong>VVA BUSINESS CONSULTING S.R.L.<\/strong> non prevede altra funzione di profilazione o altri cookie tecnici.<\/p>\n<p>&nbsp;<\/p>\n<p>Per ulteriori informazioni sulle norme privacy e sulle opzioni di Google Analytics, visitare: http:\/\/www.google.com\/analytics\/learn\/privacy.html.<\/p>\n<p>&nbsp;<\/p>\n<p>Le pagine web riconducibili a <strong>VVA BUSINESS CONSULTING S.R.L.<\/strong> possono contenere anche immagini elettroniche note come &quot;web beacon&quot;.<\/p>\n<p>&nbsp;<\/p>\n<p>Si tratta di miniature o <em>gif<\/em> in miniatura a pixel singolo che utilizziamo per distribuire i cookies sui nostri siti, comprendere il comportamento dei visitatori e contarne il numero.<\/p>\n<p>&nbsp;<\/p>\n<p>Ulteriori informazioni sui web beacons sono disponibili alla pagina web: http:\/\/www.allaboutcookies.org\/web-beacons\/.<\/p>\n<p>&nbsp;<\/p>\n<p>Potremmo anche includere pixel di tracciamento nelle nostre e-mail, per determinare se un messaggio di posta elettronica sia stato aperto e gli sia stato dato seguito, o per abilitare la registrazione e l&#39;analisi dei file di log.<\/p>\n<p>&nbsp;<\/p>\n<p>I dati cos\u00ec raccolti possono essere utilizzati da <strong>VVA BUSINESS CONSULTING S.R.L. <\/strong>al fine di ottimizzare la spedizione della newsletter, nonch\u00e9 per adattare ai tuoi interessi il contenuto degli invii futuri.<\/p>\n<p>&nbsp;<\/p>\n<p><strong>COME GESTIRE I COOKIES?<\/strong><\/p>\n<p>&nbsp;<\/p>\n<p>La maggior parte dei browser web accetta automaticamente i cookies, ma mette a disposizione comandi che consentono di autorizzare, bloccare o cancellare, in tutto o in parte, l&#39;erogazione di tutti i cookie, sia di prima parte che di terze parti.<\/p>\n<p>&nbsp;<\/p>\n<p>Le informazioni dettagliate sulla procedura di gestione dei cookies sono disponibili nella sezione privacy di ciascun browser o nella guida dello stesso.<\/p>\n<p>&nbsp;<\/p>\n<p>Alcune funzionalit\u00e0 del sito web e dei servizi di <strong>VVA BUSINESS CONSULTING S.R.L<\/strong>. dipendono dai cookies. Quindi, se scegli di bloccare o eliminare i cookies, potresti essere obbligato a regolare manualmente le impostazioni e le preferenze controllate da tali cookies ogni volta che accedi al sito, mentre alcuni servizi e funzionalit\u00e0 potrebbero non essere funzionanti.<\/p>\n<p>&nbsp;<\/p>\n<p>Questo normalmente non accade con i cookies di profilazione, in quanto non generalmente indispensabili per navigare.<\/p>\n<p>&nbsp;<\/p>\n<p>Se utilizzi dispositivi diversi per navigare su un sito web, dovresti comunque assicurarti che ogni browser di ciascun dispositivo sia impostato in base alle tue preferenze cookies.<\/p>\n<p>&nbsp;<\/p>\n<p><strong>COME PRESTARE O REVOCARE IL CONSENSO?<\/strong><\/p>\n<p>&nbsp;<\/p>\n<p>Il consenso all&#39;utilizzo dei cookies viene prestato inizialmente attraverso le seguenti modalit\u00e0: cliccando &quot;OK&quot; al banner, scorrendo la pagina che ospita il banner o cliccando qualunque suo elemento, e pu\u00f2 essere revocato in ogni momento secondo quanto sopra indicato.<\/p>\n<p>&nbsp;<\/p>\n<p>Per le ulteriori informazioni sul trattamento di dati personali raccolti nel presente sito da parte di <strong>VVA BUSINESS CONSULTING S.R.L.<\/strong> ti invitiamo a consultare QUI la nostra privacy policy<\/p>\n<p>[\/vc_column_text][\/vc_column][\/vc_row]<\/p>\n","protected":false},"excerpt":{"rendered":"<p>[vc_row][vc_column][vc_column_text] VVA BUSINESS CONSULTING S.R.L. utilizza cookies e tecnologie simili per gestire il proprio sito web. &nbsp; COSA SONO I COOKIES? &nbsp; I cookies sono piccoli file di testo che vengono salvati nel tuo computer o nel tuo dispositivo mobile quando visiti un sito web&#8230;<\/p>\n","protected":false},"author":300,"featured_media":0,"parent":0,"menu_order":0,"comment_status":"closed","ping_status":"closed","template":"","meta":{"footnotes":""},"class_list":["post-8861","page","type-page","status-publish","hentry"],"_links":{"self":[{"href":"https:\/\/www.vva.it\/en\/wp-json\/wp\/v2\/pages\/8861\/"}],"collection":[{"href":"https:\/\/www.vva.it\/en\/wp-json\/wp\/v2\/pages\/"}],"about":[{"href":"https:\/\/www.vva.it\/en\/wp-json\/wp\/v2\/types\/page\/"}],"author":[{"embeddable":true,"href":"https:\/\/www.vva.it\/en\/wp-json\/wp\/v2\/users\/300\/"}],"replies":[{"embeddable":true,"href":"https:\/\/www.vva.it\/en\/wp-json\/wp\/v2\/comments\/?post=8861"}],"version-history":[{"count":0,"href":"https:\/\/www.vva.it\/en\/wp-json\/wp\/v2\/pages\/8861\/revisions\/"}],"wp:attachment":[{"href":"https:\/\/www.vva.it\/en\/wp-json\/wp\/v2\/media\/?parent=8861"}],"curies":[{"name":"wp","href":"https:\/\/api.w.org\/{rel}","templated":true}]}}