{"id":8856,"date":"2021-05-26T17:11:09","date_gmt":"2021-05-26T15:11:09","guid":{"rendered":"https:\/\/www.vva.it\/business-consulting-s-r-l\/"},"modified":"2021-05-26T17:11:09","modified_gmt":"2021-05-26T15:11:09","slug":"business-consulting-s-r-l","status":"publish","type":"page","link":"https:\/\/www.vva.it\/en\/business-consulting-s-r-l\/","title":{"rendered":"BUSINESS CONSULTING s.r.l."},"content":{"rendered":"<p>[vc_row][vc_column][vc_column_text]<\/p>\n<p><strong>INFORMATIVA SUL TRATTAMENTO DEI DATI PERSONALI<\/strong><\/p>\n<p>ai sensi dell&#39;art. 13 del Regolamento 679\/2016 UE<\/p>\n<p>&nbsp;<\/p>\n<ul>\n<li>SITO WEB &#8211;<\/li>\n<\/ul>\n<p>&nbsp;<\/p>\n<p>Come indicato dall&#39;art. 13 del Regolamento 679\/2016 UE e dalla normativa attualmente in vigore in materia di trattamento dei dati personali, abbiamo redatto questo documento allo scopo di spiegarvi come verranno gestite le vostre informazioni e i vostri dati quando utilizzerete il nostro sito, cos\u00ec da poter decidere con consapevolezza se prestare o meno il consenso al trattamento.<\/p>\n<p>&nbsp;<\/p>\n<p><strong>1) Titolare del trattamento<\/strong><\/p>\n<p>&nbsp;<\/p>\n<p>Il Titolare del trattamento \u00e8 <strong>VVA Business Consulting S.R.L.<\/strong>, con sede legale in Milano, Via Torino n. 61, iscritta al Registro delle Imprese di Milano con REA n. 2618201, codice fiscale e partita IVA n. 11673440969, Tel. 02.72.733.1 &#8211; PEC vvabc@pec.net, nella persona del legale rappresentante sig. Gianluigi Contin, codice fiscale CNTGLG64L26C553L<\/p>\n<p>&nbsp;<\/p>\n<p><strong>2) Dati personali trattati<\/strong><\/p>\n<p>&nbsp;<\/p>\n<p>Il Titolare raccoglie e tratta i soli dati personali necessari al fine di erogare il servizio richiesto, cio\u00e8:<\/p>\n<p>&nbsp;<\/p>\n<ul>\n<li>\n<p>dati anagrafici ed identificativi (a titolo esemplificativo: nome, cognome, ragione sociale, indirizzo);<\/p>\n<\/li>\n<li>\n<p>dati di navigazione;<\/p>\n<\/li>\n<li>\n<p>dati di contatto (ad esempio: numero di telefono ed email).<\/p>\n<\/li>\n<\/ul>\n<p>&nbsp;<\/p>\n<p>Vi informiamo, inoltre, che i Vostri dati saranno raccolti anche tramite cookies. I cookies sono piccoli file di testo che i siti visitati dall&#39;utente inviano e registrano sul suo computer o dispositivo mobile, per essere poi ritrasmessi agli stessi siti alla visita successiva. I cookies permettono di garantire l&#39;operativit\u00e0 del sito, ricordando le azioni e le preferenze dell&#39;utente, e di raccogliere informazioni statistiche e anonime sul suo utilizzo.<\/p>\n<p>&nbsp;<\/p>\n<p>Esistono due tipologie di cookies: quelli tecnici e quelli di profilazione.<\/p>\n<p>&nbsp;<\/p>\n<p>Il nostro sito utilizza solo cookies tecnici, per i quali non \u00e8 necessario esprimere il consenso. Essi, infatti, sono relativi ad attivit\u00e0 strettamente necessarie al funzionamento e all&#39;erogazione del servizio, ad attivit\u00e0 di salvataggio delle preferenze e ottimizzazione del sito, oppure possono essere di statistica, laddove utilizzati dal gestore del sito per raccogliere informazioni in forma aggregata. Vi invitiamo, in ogni caso, a prendere visione della cookie policy disponibile nell&#39;apposita sezione di questo sito, al fine di comprendere meglio quali tipi di cookie vengono utilizzati e quali sono le modalit\u00e0 per esprimere o negare il consenso al loro utilizzo.<\/p>\n<p>&nbsp;<\/p>\n<p><strong>3) Finalit\u00e0 del trattamento<\/strong><\/p>\n<p>&nbsp;<\/p>\n<p>Il trattamento dei Vostri dati personali, anche quelli definiti &quot;particolari&quot; ai sensi dell&#39;art. 9 del Regolamento 679\/2016 UE, esplicitamente raccolti mediante il sito web, saranno trattati esclusivamente per:<\/p>\n<p>&nbsp;<\/p>\n<ol>\n<li>la realizzazione e la gestione delle Vostre richieste e dei servizi da Voi sottoscritti, in particolare al fine di rispondere a richieste di informazioni, di assistenza o di preventivo tramite le apposite sezioni dedicate;<\/li>\n<li>analizzare i CV e ricontattare i candidati che hanno trasmesso la loro candidatura tramite la sezione &quot;Careers&quot;;<\/li>\n<li>assolvere agli eventuali obblighi di legge ai quali potremmo essere soggetti (ad esempio, di natura fiscale e tributaria).<\/li>\n<\/ol>\n<p>&nbsp;<\/p>\n<p><strong>4)Base giuridica del trattamento<\/strong><\/p>\n<p>&nbsp;<\/p>\n<p>I Vostri dati saranno trattati:<\/p>\n<p>&nbsp;<\/p>\n<ul>\n<li>\n<p>su base giuridica contrattuale, per quanto concerne il trattamento principale indicato all&#39;art. 3, lettera a);<\/p>\n<\/li>\n<li>\n<p>legittimo interesse del Titolare a verificare eventuali rischi sull&#39;idoneit\u00e0 del candidato a ricoprire la specifica posizione aperta, in relazione alle finalit\u00e0 descritte all&#39;art. 3, lettera b);<\/p>\n<\/li>\n<li>\n<p>base giuridica legislativa, per quanto attiene al trattamento di cui all&#39;art. 3, lettera c).<\/p>\n<\/li>\n<\/ul>\n<p>&nbsp;<\/p>\n<p><strong>5)Destinatari dei dati personali<\/strong><\/p>\n<p>&nbsp;<\/p>\n<p>I Vostri dati personali saranno comunicati:   <\/p>\n<p>&nbsp;<\/p>\n<ul>\n<li>ai soggetti designati, appositamente autorizzati al trattamento dei dati personali in quanto direttamente e necessariamente coinvolti nella fase di realizzazione e gestione delle Vostre richieste e dei servizi da Voi sottoscritti (ossia dipendenti, collaboratori e simili);<\/li>\n<li>\n<p>ai soggetti da noi previamente nominati Responsabili esterni del trattamento, ossia:<\/p>\n<\/li>\n<li>\n<p>soggetti con i quali sia necessario interagire per l&#39;erogazione dei Servizi (ad esempio gli hosting provider o gli istituti bancari);<\/p>\n<\/li>\n<li>\n<p>soggetti delegati a svolgere attivit\u00e0 di manutenzione tecnica (inclusa la manutenzione degli apparati di rete e delle reti di comunicazione elettronica);<\/p>\n<\/li>\n<li>\n<p>a coloro che curano e gestiscono la contabilit\u00e0 aziendale;<\/p>\n<\/li>\n<li>alle Pubbliche Autorit\u00e0 che ne dovessero fare lecita richiesta.<\/li>\n<\/ul>\n<p>&nbsp;<\/p>\n<p><strong>6)Trasferimento dei dati verso paesi terzi<\/strong><\/p>\n<p>&nbsp;<\/p>\n<p>I Vostri dati personali non saranno trasferiti verso paesi terzi. Qualora fosse consentito l&#39;accesso ai dati da parte di suddetti paesi, verranno adottate tutte le misure di sicurezza atte a prevenire e impedire il rischio di accesso ai medesimi da parte di soggetti non autorizzati o per finalit\u00e0 divergenti a quelle di cui al punto 3. <\/p>\n<p>&nbsp;<\/p>\n<p><strong>7)Durata di conservazione dei dati<\/strong><\/p>\n<p>&nbsp;<\/p>\n<p>I dati da Voi forniti saranno trattati e conservati per il tempo strettamente necessario alla realizzazione delle finalit\u00e0 elencate al punto 3.<\/p>\n<p>&nbsp;<\/p>\n<p>In particolare, la durata di conservazione delle principali categorie di dati trattati \u00e8 la seguente:<\/p>\n<p>&nbsp;<\/p>\n<ul>\n<li>dati relativi all&#39;adempimento della prestazione contrattuale: 5 anni, salvo specifiche esigenze di natura legislativa, giuridica o giudiziaria; la base giuridica \u00e8 la legge fiscale\/tributaria;<\/li>\n<li>file di log dei computer: 6 mesi; la base giuridica \u00e8 il Provvedimento del Garante del 27.11.2008;<\/li>\n<li>dati di backup: 5 anni; la base giuridica \u00e8 la legge fiscale\/tributaria;<\/li>\n<li>registrazioni in materia di videosorveglianza, laddove implementata: 24 ore, salvo prolungamento nei casi di chiusura uffici;<\/li>\n<li>cookie: singola sessione di accesso al web o per il tempo strettamente necessario;<\/li>\n<li>curriculum: 12 mesi.<\/li>\n<\/ul>\n<p>&nbsp;<\/p>\n<p>In ogni caso, nessun dato personale sar\u00e0 conservato oltre il limite massimo di 10 anni.<\/p>\n<p>&nbsp;<\/p>\n<p><strong>8)Diritti dell&#39;interessato<\/strong><\/p>\n<p>&nbsp;<\/p>\n<p>In qualit\u00e0 di soggetti interessati, avete i diritti di seguito elencati:<\/p>\n<p>&nbsp;<\/p>\n<ul>\n<li>\n<p>diritto di accesso<\/p>\n<\/li>\n<li>\n<p>diritto di rettifica<\/p>\n<\/li>\n<li>\n<p>diritto alla cancellazione (diritto all&#39;oblio) <\/p>\n<\/li>\n<li>\n<p>diritto di limitazione del trattamento<\/p>\n<\/li>\n<li>\n<p>diritto alla portabilit\u00e0 dei dati <\/p>\n<\/li>\n<li>\n<p>diritto di opposizione al trattamento<\/p>\n<\/li>\n<li>\n<p>diritto di non essere sottoposto a processo decisionale automatizzato, compresa la profilazione.<\/p>\n<\/li>\n<\/ul>\n<p>&nbsp;<\/p>\n<p>Le richieste di esercizio dei diritti a voi riconosciuti vanno rivolte per iscritto al seguente indirizzo mail: info@vva.it.<\/p>\n<p>&nbsp;<\/p>\n<p><strong>9)Diritto di revoca del consenso<\/strong><\/p>\n<p>&nbsp;<\/p>\n<p>I Vostri dati personali sono stati raccolti in un contesto contrattuale finalizzato a erogare i servizi e a fornire riscontro alle richieste da Voi avanzate e, pertanto, non richiedono un consenso.<\/p>\n<p>&nbsp;<\/p>\n<p>Nel caso in cui il Titolare dovesse successivamente raccogliere, previo consenso, ulteriori Vostri dati personali, Vi segnaliamo sin d&#39;ora che avrete il diritto di revocare il consenso in qualsiasi momento senza pregiudicare la liceit\u00e0 del trattamento basato sul consenso prestato prima della revoca.<\/p>\n<p>&nbsp;<\/p>\n<p><strong>10) Diritto di reclamo<\/strong><\/p>\n<p>&nbsp;<\/p>\n<p>Contro il trattamento o le modalit\u00e0 di trattamento dei Vostri dati avete la facolt\u00e0 di proporre reclamo all&#39;Autorit\u00e0 Garante per la protezione dei dati personali, avente sede a Roma.<\/p>\n<p>&nbsp;<\/p>\n<p><strong>11)Obbligatoriet\u00e0 dei dati<\/strong><\/p>\n<p>&nbsp;<\/p>\n<p>Il conferimento dei Vostri dati mediante il nostro sito deve ritenersi obbligatorio in quanto necessario per erogare i servizi e a fornire riscontro alle richieste da Voi avanzate, oltre che per l&#39;adempimento degli eventuali obblighi legali (ad esempio, di natura fiscale e tributaria).<\/p>\n<p>&nbsp;<\/p>\n<p>In caso di mancato conferimento del consenso, non sar\u00e0 dato ulteriore corso all&#39;erogazione del servizio.<\/p>\n<p>&nbsp;<\/p>\n<p><strong>12)Processi decisionali automatizzati<\/strong><\/p>\n<p>&nbsp;<\/p>\n<p>La societ\u00e0 Titolare del trattamento non effettua alcun trattamento dei dati basato su processi decisionali automatizzati.<\/p>\n<p>[\/vc_column_text][\/vc_column][\/vc_row]<\/p>\n","protected":false},"excerpt":{"rendered":"<p>[vc_row][vc_column][vc_column_text] INFORMATIVA SUL TRATTAMENTO DEI DATI PERSONALI ai sensi dell&#39;art. 13 del Regolamento 679\/2016 UE &nbsp; SITO WEB &#8211; &nbsp; Come indicato dall&#39;art. 13 del Regolamento 679\/2016 UE e dalla normativa attualmente in vigore in materia di trattamento dei dati personali, abbiamo redatto questo documento&#8230;<\/p>\n","protected":false},"author":300,"featured_media":0,"parent":0,"menu_order":0,"comment_status":"closed","ping_status":"closed","template":"","meta":{"footnotes":""},"class_list":["post-8856","page","type-page","status-publish","hentry"],"_links":{"self":[{"href":"https:\/\/www.vva.it\/en\/wp-json\/wp\/v2\/pages\/8856\/"}],"collection":[{"href":"https:\/\/www.vva.it\/en\/wp-json\/wp\/v2\/pages\/"}],"about":[{"href":"https:\/\/www.vva.it\/en\/wp-json\/wp\/v2\/types\/page\/"}],"author":[{"embeddable":true,"href":"https:\/\/www.vva.it\/en\/wp-json\/wp\/v2\/users\/300\/"}],"replies":[{"embeddable":true,"href":"https:\/\/www.vva.it\/en\/wp-json\/wp\/v2\/comments\/?post=8856"}],"version-history":[{"count":0,"href":"https:\/\/www.vva.it\/en\/wp-json\/wp\/v2\/pages\/8856\/revisions\/"}],"wp:attachment":[{"href":"https:\/\/www.vva.it\/en\/wp-json\/wp\/v2\/media\/?parent=8856"}],"curies":[{"name":"wp","href":"https:\/\/api.w.org\/{rel}","templated":true}]}}