{"id":8833,"date":"2021-05-24T16:26:51","date_gmt":"2021-05-24T14:26:51","guid":{"rendered":"https:\/\/www.vva.it\/metodologia\/"},"modified":"2021-05-28T11:37:02","modified_gmt":"2021-05-28T09:37:02","slug":"metodologia","status":"publish","type":"page","link":"https:\/\/www.vva.it\/en\/metodologia\/","title":{"rendered":"Metodologia"},"content":{"rendered":"<p>[vc_row][vc_column][vc_column_text]<\/p>\n<p>La nostra metodologia prevede:<\/p>\n<ul style=\"color:black;\">\n<li>Due diligence iniziale di sostenibilit\u00e0 e gestione dei Rischi;<\/li>\n<li>Analisi dei Gap e benchmark di settore;<\/li>\n<li>Piano di Sostenibilit\u00e0 integrato nel piano industriale;<\/li>\n<li>Analisi organizzativa interna (diversit\u00e0 e inclusione)<\/li>\n<li>Aggiornamento organizzativo (funzionale,  MBO, comitato esecutivo);<\/li>\n<li>Matrice di Materialit\u00e0;<\/li>\n<li>Gestione degli Stakeholder;<\/li>\n<li>Climate Strategy.<\/li>\n<\/ul>\n<p>[\/vc_column_text][\/vc_column][\/vc_row]<\/p>\n","protected":false},"excerpt":{"rendered":"<p>[vc_row][vc_column][vc_column_text] La nostra metodologia prevede: Due diligence iniziale di sostenibilit\u00e0 e gestione dei Rischi; Analisi dei Gap e benchmark di settore; Piano di Sostenibilit\u00e0 integrato nel piano industriale; Analisi organizzativa interna (diversit\u00e0 e inclusione) Aggiornamento organizzativo (funzionale, MBO, comitato esecutivo); Matrice di Materialit\u00e0; Gestione degli&#8230;<\/p>\n","protected":false},"author":6,"featured_media":0,"parent":0,"menu_order":0,"comment_status":"closed","ping_status":"closed","template":"","meta":{"footnotes":""},"class_list":["post-8833","page","type-page","status-publish","hentry"],"_links":{"self":[{"href":"https:\/\/www.vva.it\/en\/wp-json\/wp\/v2\/pages\/8833\/"}],"collection":[{"href":"https:\/\/www.vva.it\/en\/wp-json\/wp\/v2\/pages\/"}],"about":[{"href":"https:\/\/www.vva.it\/en\/wp-json\/wp\/v2\/types\/page\/"}],"author":[{"embeddable":true,"href":"https:\/\/www.vva.it\/en\/wp-json\/wp\/v2\/users\/6\/"}],"replies":[{"embeddable":true,"href":"https:\/\/www.vva.it\/en\/wp-json\/wp\/v2\/comments\/?post=8833"}],"version-history":[{"count":1,"href":"https:\/\/www.vva.it\/en\/wp-json\/wp\/v2\/pages\/8833\/revisions\/"}],"predecessor-version":[{"id":8906,"href":"https:\/\/www.vva.it\/en\/wp-json\/wp\/v2\/pages\/8833\/revisions\/8906\/"}],"wp:attachment":[{"href":"https:\/\/www.vva.it\/en\/wp-json\/wp\/v2\/media\/?parent=8833"}],"curies":[{"name":"wp","href":"https:\/\/api.w.org\/{rel}","templated":true}]}}