{"id":8014,"date":"2021-01-13T17:48:11","date_gmt":"2021-01-13T16:48:11","guid":{"rendered":"https:\/\/www.vva.it\/market-research-cookie-policy\/"},"modified":"2021-01-13T17:58:28","modified_gmt":"2021-01-13T16:58:28","slug":"market-research-cookie-policy","status":"publish","type":"page","link":"https:\/\/www.vva.it\/en\/market-research-cookie-policy\/","title":{"rendered":"Market Research &#8211; Cookie Policy"},"content":{"rendered":"<p>VVAMR utilizza cookies e tecnologie simili per gestire il proprio sito web.<\/p>\n<p>&nbsp;<\/p>\n<p>COSA SONO I COOKIES?<br \/>\nI cookies sono piccoli file di testo che vengono salvati nel tuo computer o nel tuo dispostiivo mobile quando visiti un sito web come il nostro. Essi contribuiscono al corretto funzionamento del sito, consentono di misurare e tenere traccia delle attivit\u00e0 all&#8217;interno dello stesso e di migliorare la tua esperienza come utente, ad esempio ricordando le tue preferenze di visualizzazione e permettendoti di visitare le parti riservate ai membri senza dover ogni volta ripetere l&#8217;autenticazione.<\/p>\n<p>&nbsp;<\/p>\n<p>Esistono diversi tipi di cookies, che possono essere distinti sulle base dell&#8217;origine, della funzione o della durata:<br \/>\n1. <strong>cookies di prima parte<\/strong>: cookies che vengono memorizzati dal sito web che si sta visitando;<br \/>\n2. <strong>cookies di terze parti<\/strong>: cookies memorizzati da un sito web diverso da quello che si sta visitando;<br \/>\n3. <strong>cookies tecnici<\/strong> (per i quali non \u00e8 necessario il consenso): <strong>relativi ad attivit\u00e0 strettamente necessarie al funzionamento e all&#8217;erogazione del servizio, ad attivit\u00e0 di salvataggio delle preferenze e ottimizzazione del sito, oppure possono essere di statistica, laddove utilizzati dal gestore del sito per raccogliere informazioni in forma aggregata<\/strong>;<br \/>\n4. <strong>cookies di profilazione<\/strong> (per i quali \u00e8 necessario il consenso): cookies che abilitano un sito web a inviarti pubblicit\u00e0 personalizzata e possono essere sia di prima parte che di terze parti;<br \/>\n5. <strong>cookies di sessione<\/strong>: sono cookies temporanei che vengono cancellati una volta chiuso il browser;<br \/>\n6. <strong>cookies permanenti<\/strong>: tali cookies rimangono sul dispositivo fino a quando non vengono eliminati manualmente o finch\u00e9 il browser non li elimina in base al periodo di durata specificato nel file di cookie.<\/p>\n<p>&nbsp;<\/p>\n<p>CHE COOKIES UTILIZZIAMO?<br \/>\nVVAMR utilizza, su questo sito, i seguenti tipi di cookies:<br \/>\n<strong>Cookie tecnici<\/strong>:<br \/>\na) <strong>IP tracking<\/strong><br \/>\n\u2192 funzione di selezione lingua automatica in base alla provenienza dell\u2019IP<br \/>\n\u2192 la vita del cookie sar\u00e0 di 24 ore<br \/>\n\u2192 gli indirizzi IP non saranno storicizzati<br \/>\nb) <strong>Cookie Analytics: Google Analytics<\/strong><br \/>\n\u2192 utilizziamo il tracking Google Analytics per monitorare gli accessi al sito e analizzare i segmenti di pubblico<\/p>\n<p>&nbsp;<\/p>\n<p>VVA non prevede alltra funzione di profilazione o altri cookie tecnici.<\/p>\n<p>&nbsp;<\/p>\n<p>Per ulteriori informazioni sulle norme privacy e sulle opzioni di Google Analytics, visitare: <a href=\"http:\/\/www.google.com\/analytics\/learn\/privacy.html\">http:\/\/www.google.com\/analytics\/learn\/privacy.html<\/a><\/p>\n<p>&nbsp;<\/p>\n<p>Le pagine web VVAMR possono contenere anche immagini elettroniche note come &#8220;web beacon&#8221;.<br \/>\nSi tratta di miniature o gif in miniatura a pixel singolo che utilizziamo per distribuire i cookies sui nostri siti, comprendere il comportamento dei visitatori e contarne il numero.<br \/>\nUlteriori informazioni sui web beacons sono disponibili alla pagina web: <a href=\"http:\/\/www.allaboutcookies.org\/web-beacons\/\">http:\/\/www.allaboutcookies.org\/web-beacons\/<\/a><br \/>\nPotremmo anche includere pixel di tracciamento nelle nostre e-mail, per determinare se un messaggio di posta elettronica sia stato aperto e gli sia stato dato seguito, o per abilitare la registrazione e l&#8217;analisi dei file di log.<br \/>\nI dati cos\u00ec raccolti possono essere utilizzati da VVAMR al fine di ottimizzare la spedizione della newsletter, nonch\u00e9 per adattare ai tuoi interessi il contenuto degli invii futuri.<\/p>\n<p>&nbsp;<\/p>\n<p>Come GESTIRE i cookies?<br \/>\nLa maggior parte dei browser web accetta automaticamente i cookies, ma mette a disposizione comandi che consentono di autorizzare, bloccare o cancellare, in tutto o in parte, l&#8217;erogazione di tutti i cookie, sia di prima parte che di terze parti.<br \/>\nLe informazioni dettagliate sulla procedura di gestione dei cookies sono disponibili nella sezione privacy di ciascun browser o nella guida dello stesso.<br \/>\nAlcune funzionalit\u00e0 del sito web e dei servizi di VVAMR dipendono dai cookies. Quindi, se scegli di bloccare o eliminare i cookies, potresti essere obbligato a regolare manualmente le impostazioni e le preferenze controllate da tali cookies ogni volta che accedi al sito, mentre alcuni servizi e funzionalit\u00e0 potrebbero non essere funzionanti.<br \/>\nQuesto normalmente non accade con i cookies di profilazione, in quanto non generalmente indispensabili per navigare.<br \/>\nSe utilizzi dispositivi diversi per navigare su un sito web, dovresti comunque assicurarti che ogni browser di ciascun dispositivo sia impostato in base alle tue preferenze cookies.<\/p>\n<p>&nbsp;<\/p>\n<p>COME PRESTARE O REVOCARE IL CONSENSO?<br \/>\nIl consenso all\u2019utilizzo dei cookies viene prestato inizialmente attraverso le seguenti modalit\u00e0: cliccando &#8220;OK&#8221; al banner, scorrendo la pagina che ospita il banner o cliccando qualunque suo elemento, e pu\u00f2 essere revocato in ogni momento secondo quanto sopra indicato.<\/p>\n<p>&nbsp;<\/p>\n<p>Per le ulteriori informazioni sul trattamento di dati personali raccolti nel presente sito da parte di VVAMR ti invitiamo a consultare <a href=\"https:\/\/www.vva.it\/en\/vva-market-research\/\">QUI<\/a> la nostra privacy policy.<\/p>\n","protected":false},"excerpt":{"rendered":"<p>VVAMR utilizza cookies e tecnologie simili per gestire il proprio sito web. &nbsp; COSA SONO I COOKIES? I cookies sono piccoli file di testo che vengono salvati nel tuo computer o nel tuo dispostiivo mobile quando visiti un sito web come il nostro. Essi contribuiscono&#8230;<\/p>\n","protected":false},"author":6,"featured_media":0,"parent":0,"menu_order":0,"comment_status":"closed","ping_status":"closed","template":"","meta":{"footnotes":""},"class_list":["post-8014","page","type-page","status-publish","hentry"],"_links":{"self":[{"href":"https:\/\/www.vva.it\/en\/wp-json\/wp\/v2\/pages\/8014\/"}],"collection":[{"href":"https:\/\/www.vva.it\/en\/wp-json\/wp\/v2\/pages\/"}],"about":[{"href":"https:\/\/www.vva.it\/en\/wp-json\/wp\/v2\/types\/page\/"}],"author":[{"embeddable":true,"href":"https:\/\/www.vva.it\/en\/wp-json\/wp\/v2\/users\/6\/"}],"replies":[{"embeddable":true,"href":"https:\/\/www.vva.it\/en\/wp-json\/wp\/v2\/comments\/?post=8014"}],"version-history":[{"count":2,"href":"https:\/\/www.vva.it\/en\/wp-json\/wp\/v2\/pages\/8014\/revisions\/"}],"predecessor-version":[{"id":8026,"href":"https:\/\/www.vva.it\/en\/wp-json\/wp\/v2\/pages\/8014\/revisions\/8026\/"}],"wp:attachment":[{"href":"https:\/\/www.vva.it\/en\/wp-json\/wp\/v2\/media\/?parent=8014"}],"curies":[{"name":"wp","href":"https:\/\/api.w.org\/{rel}","templated":true}]}}