{"id":8007,"date":"2021-01-13T17:37:25","date_gmt":"2021-01-13T16:37:25","guid":{"rendered":"https:\/\/www.vva.it\/vva-cookie-policy\/"},"modified":"2022-02-17T14:22:09","modified_gmt":"2022-02-17T13:22:09","slug":"vva-cookie-policy","status":"publish","type":"page","link":"https:\/\/www.vva.it\/en\/vva-cookie-policy\/","title":{"rendered":"VVA &#8211; Cookie Policy"},"content":{"rendered":"<p>Valdani Vicari &#038; Associati (VVA) S.r.l. utilizza cookies e tecnologie simili per gestire il proprio sito web (https:\/\/www.vva.it\/).<\/p>\n<p>&nbsp;<\/p>\n<p>COSA SONO I COOKIE?<br \/>\nI cookie sono piccoli file di testo che vengono salvati nel computer o nel dispositivo mobile quando si visita il nostro sito web. Essi contribuiscono al corretto funzionamento del sito, consentono di misurare e tenere traccia delle attivit\u00e0 all&#8217;interno dello stesso e di migliorare l\u2019esperienza dell\u2019utente, ad esempio ricordando le preferenze di visualizzazione e permettendogli di visitare le parti riservate ai membri senza dover ogni volta ripetere l&#8217;autenticazione.<\/p>\n<p>&nbsp;<\/p>\n<p>Esistono diversi tipi di cookie, che possono essere distinti sulle base dell&#8217;origine, della funzione o della durata:<br \/>\n1. <strong>cookie di prima parte<\/strong>: cookie che vengono memorizzati dal sito web che si sta visitando;<br \/>\n2. <strong>cookie di terze parti<\/strong>: cookie memorizzati da un sito web diverso da quello che si sta visitando;<br \/>\n3. <strong>cookie tecnici<\/strong> (per i quali non \u00e8 necessario il consenso): relativi ad attivit\u00e0 strettamente necessarie al funzionamento e all&#8217;erogazione del servizio, ad attivit\u00e0 di salvataggio delle preferenze e ottimizzazione del sito, oppure possono essere di statistica, laddove utilizzati dal gestore del sito per raccogliere informazioni in forma aggregata;<br \/>\n4. <strong>cookie di profilazione<\/strong> (per i quali \u00e8 necessario il consenso): cookie che abilitano un sito web a inviarti pubblicit\u00e0 personalizzata e possono essere sia di prima parte che di terze parti;<br \/>\n5. <strong>cookie di sessione<\/strong>: sono cookie temporanei che vengono cancellati una volta chiuso il browser;<br \/>\n6. <strong>cookies permanenti<\/strong>: tali cookie rimangono sul dispositivo fino a quando non vengono eliminati manualmente o finch\u00e9 il browser non li elimina in base al periodo di durata specificato nel file di cookie.<\/p>\n<p>&nbsp;<\/p>\n<p>QUALI COOKIE UTILIZZIAMO?<br \/>\nVVA S.r.l. utilizza, all\u2019interno del proprio sito web, i seguenti tipi di cookie:<br \/>\n&nbsp;<br \/>\n<strong>Cookie di tipo Analitico \u2013 Prima parte<\/strong><br \/>\na) <strong>_ga<\/strong><br \/>\n\u2192 scadenza 2 anni<br \/>\nb) <strong>_gid<\/strong><br \/>\n\u2192 scadenza 1 giorno<\/p>\n<p>&nbsp;<\/p>\n<p><strong>Cookie di tipo Analitico\/Profilazione \u2013 Prima parte<\/strong><br \/>\na) <strong>_gat_gtag_UA_121305885_1<\/strong><br \/>\n\u2192 scadenza 1 minuto<br \/>\nb) <strong>_lfa<\/strong><br \/>\n\u2192 scadenza 2 anni<\/p>\n<p>&nbsp;<\/p>\n<p><strong>Cookie di tipo Tecnico &#8211; Prima Parte<\/strong><br \/>\na) <strong>_icl_visitor_lang_js<\/strong><br \/>\n\u2192 scadenza 1 giorno<br \/>\nb) <strong>wpml_browser_redirect_test<\/strong><br \/>\n\u2192 scadenza cookie di sessione<\/p>\n<p>&nbsp;<\/p>\n<p>Il presente sito web, pertanto ricorre a trackers e cookie, inclusi quelli di targeting e di profilazione, di prima parte.<br \/>\nNon sono invece presenti cookie di terze parti oltre a quelli indicati.<\/p>\n<p>&nbsp;<\/p>\n<p>Le pagine web riconducibili a VVA S.r.l. possono contenere anche immagini elettroniche note come &#8220;web beacon&#8221;.<br \/>\nSi tratta di miniature o gif in miniatura a pixel singolo che utilizziamo per distribuire i cookie sui nostri siti, comprendere il comportamento dei visitatori e contarne il numero.<\/p>\n<p>&nbsp;<\/p>\n<p>Possono essere inclusi pixel di tracciamento per determinare se un messaggio di posta elettronica sia stato aperto e gli sia stato dato seguito, o per abilitare la registrazione e l&#8217;analisi dei file di log.<br \/>\nI dati cos\u00ec raccolti possono essere utilizzati da VVA S.r.l. al fine di ottimizzare la spedizione della newsletter, nonch\u00e9 per adattare agli interessi dell\u2019utente il contenuto degli invii futuri.<\/p>\n<p>&nbsp;<\/p>\n<p>Come GESTIRE i cookie?<br \/>\nLa maggior parte dei browser web accetta automaticamente i cookie, ma mette a disposizione comandi che consentono di autorizzare, bloccare o cancellare, in tutto o in parte, l&#8217;erogazione di tutti i cookie, sia di prima parte che di terze parti.<br \/>\nLe informazioni dettagliate sulla procedura di gestione dei cookie sono disponibili nella sezione privacy di ciascun browser o nella guida dello stesso.<br \/>\nAlcune funzionalit\u00e0 del sito web e dei servizi in esso presenti dipendono dai cookie. Quindi, se si sceglie di bloccare o eliminare i cookie, l\u2019utente potrebbe essere obbligato a regolare manualmente le impostazioni e le preferenze controllate da tali cookie ogni volta che viene effettuato l\u2019accesso al sito, mentre alcuni servizi e funzionalit\u00e0 potrebbero non essere funzionanti.<br \/>\nQuesto normalmente non accade con i cookie di profilazione, in quanto non generalmente indispensabili per navigare.<br \/>\nSe si utilizzano dispositivi diversi per navigare su un sito web, l\u2019utente dovrebbe comunque assicurarsi che ogni browser di ciascun dispositivo sia impostato in base alle proprie preferenze cookie.<br \/>\nPer ottenere informazioni sui cookie (che possono essere inviati al proprio dispositivo a seguito della navigazione su questo sito) provenienti da altri siti web o da circuiti pubblicitari, sulle loro caratteristiche e modalit\u00e0 di funzionamento e su come prestare o negare il relativo consenso specifico, \u00e8 possibile prendere visione delle cookie e\/o privacy policies dei siti che emettono tali cookie.<br \/>\nIl presente sito web, infatti, non \u00e8 in grado di gestire i cookie emessi da altri siti.<\/p>\n<p>&nbsp;<\/p>\n<p>COME PRESTARE O REVOCARE IL CONSENSO?<br \/>\nIl consenso all\u2019utilizzo dei cookie viene prestato inizialmente cliccando &#8220;OK\/Accetta&#8221; sul cookie banner e pu\u00f2 essere revocato in ogni momento secondo quanto sopra indicato.<br \/>\nPer le ulteriori informazioni sul trattamento di dati personali raccolti nel presente sito da parte di VVA S.r.l. ti invitiamo a consultare <a href=\"https:\/\/www.vva.it\/vva-s-r-l\/\">QUI<\/a> la nostra privacy policy.<\/p>\n","protected":false},"excerpt":{"rendered":"<p>Valdani Vicari &#038; Associati (VVA) S.r.l. utilizza cookies e tecnologie simili per gestire il proprio sito web (https:\/\/www.vva.it\/). &nbsp; COSA SONO I COOKIE? I cookie sono piccoli file di testo che vengono salvati nel computer o nel dispositivo mobile quando si visita il nostro sito&#8230;<\/p>\n","protected":false},"author":6,"featured_media":0,"parent":0,"menu_order":0,"comment_status":"closed","ping_status":"closed","template":"","meta":{"footnotes":""},"class_list":["post-8007","page","type-page","status-publish","hentry"],"_links":{"self":[{"href":"https:\/\/www.vva.it\/en\/wp-json\/wp\/v2\/pages\/8007\/"}],"collection":[{"href":"https:\/\/www.vva.it\/en\/wp-json\/wp\/v2\/pages\/"}],"about":[{"href":"https:\/\/www.vva.it\/en\/wp-json\/wp\/v2\/types\/page\/"}],"author":[{"embeddable":true,"href":"https:\/\/www.vva.it\/en\/wp-json\/wp\/v2\/users\/6\/"}],"replies":[{"embeddable":true,"href":"https:\/\/www.vva.it\/en\/wp-json\/wp\/v2\/comments\/?post=8007"}],"version-history":[{"count":8,"href":"https:\/\/www.vva.it\/en\/wp-json\/wp\/v2\/pages\/8007\/revisions\/"}],"predecessor-version":[{"id":9182,"href":"https:\/\/www.vva.it\/en\/wp-json\/wp\/v2\/pages\/8007\/revisions\/9182\/"}],"wp:attachment":[{"href":"https:\/\/www.vva.it\/en\/wp-json\/wp\/v2\/media\/?parent=8007"}],"curies":[{"name":"wp","href":"https:\/\/api.w.org\/{rel}","templated":true}]}}